{"id":39,"date":"2025-04-14T12:18:57","date_gmt":"2025-04-14T10:18:57","guid":{"rendered":"https:\/\/www.deloison.net\/?page_id=39"},"modified":"2025-04-14T13:57:44","modified_gmt":"2025-04-14T11:57:44","slug":"accueil","status":"publish","type":"page","link":"https:\/\/www.deloison.net\/","title":{"rendered":"ACUEIL"},"content":{"rendered":"\n<h2 class=\"wp-block-heading\">Escapade au Ch\u00e2teau de Berthenonville : entre nature et patrimoine.<\/h2>\n\n\n\n<p>Au c\u0153ur d\u2019un parc de 4 hectares aux arbres centenaires, le Ch\u00e2teau de Berthenonville est une grande demeure familiale qui vous promet d&#8217;agr\u00e9ables promenades. Situ\u00e9 aux portes de la Normandie, dans la charmante campagne du Vexin Normand, le ch\u00e2teau se trouve \u00e0 seulement une vingtaine de minutes des sites embl\u00e9matiques tels que Giverny, la Roche-Guyon, Villarceaux et Ch\u00e2teau Gaillard, et \u00e0 moins d\u2019une heure de Paris et de Rouen.<\/p>\n\n\n\n<p>\u200b<\/p>\n\n\n\n<p>Pour les amateurs de sports ou de grandes aventures, le&nbsp; Ch\u00e2teau de Berthenonville est une \u00e9tape id\u00e9ale puisqu&#8217;il se trouve le long de la voie cyclable et p\u00e9destre internationale Paris-London. Empruntez l&#8217;un des v\u00e9los du ch\u00e2teau pour explorer la Voie Verte \u00e0 votre rythme!<\/p>\n","protected":false},"excerpt":{"rendered":"<p>Escapade au Ch\u00e2teau de Berthenonville : entre nature et patrimoine. Au c\u0153ur d\u2019un parc de 4 hectares aux arbres centenaires, [&hellip;]<\/p>\n","protected":false},"author":1,"featured_media":0,"parent":0,"menu_order":0,"comment_status":"closed","ping_status":"closed","template":"","meta":{"site-sidebar-layout":"default","site-content-layout":"","ast-site-content-layout":"","site-content-style":"default","site-sidebar-style":"default","ast-global-header-display":"","ast-banner-title-visibility":"","ast-main-header-display":"","ast-hfb-above-header-display":"","ast-hfb-below-header-display":"","ast-hfb-mobile-header-display":"","site-post-title":"","ast-breadcrumbs-content":"","ast-featured-img":"","footer-sml-layout":"","theme-transparent-header-meta":"","adv-header-id-meta":"","stick-header-meta":"","header-above-stick-meta":"","header-main-stick-meta":"","header-below-stick-meta":"","astra-migrate-meta-layouts":"default","ast-page-background-enabled":"default","ast-page-background-meta":{"desktop":{"background-color":"var(--ast-global-color-5)","background-image":"","background-repeat":"repeat","background-position":"center center","background-size":"auto","background-attachment":"scroll","background-type":"","background-media":"","overlay-type":"","overlay-color":"","overlay-opacity":"","overlay-gradient":""},"tablet":{"background-color":"","background-image":"","background-repeat":"repeat","background-position":"center center","background-size":"auto","background-attachment":"scroll","background-type":"","background-media":"","overlay-type":"","overlay-color":"","overlay-opacity":"","overlay-gradient":""},"mobile":{"background-color":"","background-image":"","background-repeat":"repeat","background-position":"center center","background-size":"auto","background-attachment":"scroll","background-type":"","background-media":"","overlay-type":"","overlay-color":"","overlay-opacity":"","overlay-gradient":""}},"ast-content-background-meta":{"desktop":{"background-color":"var(--ast-global-color-4)","background-image":"","background-repeat":"repeat","background-position":"center center","background-size":"auto","background-attachment":"scroll","background-type":"","background-media":"","overlay-type":"","overlay-color":"","overlay-opacity":"","overlay-gradient":""},"tablet":{"background-color":"var(--ast-global-color-4)","background-image":"","background-repeat":"repeat","background-position":"center center","background-size":"auto","background-attachment":"scroll","background-type":"","background-media":"","overlay-type":"","overlay-color":"","overlay-opacity":"","overlay-gradient":""},"mobile":{"background-color":"var(--ast-global-color-4)","background-image":"","background-repeat":"repeat","background-position":"center center","background-size":"auto","background-attachment":"scroll","background-type":"","background-media":"","overlay-type":"","overlay-color":"","overlay-opacity":"","overlay-gradient":""}},"footnotes":""},"class_list":["post-39","page","type-page","status-publish","hentry"],"_links":{"self":[{"href":"https:\/\/www.deloison.net\/index.php\/wp-json\/wp\/v2\/pages\/39","targetHints":{"allow":["GET"]}}],"collection":[{"href":"https:\/\/www.deloison.net\/index.php\/wp-json\/wp\/v2\/pages"}],"about":[{"href":"https:\/\/www.deloison.net\/index.php\/wp-json\/wp\/v2\/types\/page"}],"author":[{"embeddable":true,"href":"https:\/\/www.deloison.net\/index.php\/wp-json\/wp\/v2\/users\/1"}],"replies":[{"embeddable":true,"href":"https:\/\/www.deloison.net\/index.php\/wp-json\/wp\/v2\/comments?post=39"}],"version-history":[{"count":3,"href":"https:\/\/www.deloison.net\/index.php\/wp-json\/wp\/v2\/pages\/39\/revisions"}],"predecessor-version":[{"id":83,"href":"https:\/\/www.deloison.net\/index.php\/wp-json\/wp\/v2\/pages\/39\/revisions\/83"}],"wp:attachment":[{"href":"https:\/\/www.deloison.net\/index.php\/wp-json\/wp\/v2\/media?parent=39"}],"curies":[{"name":"wp","href":"https:\/\/api.w.org\/{rel}","templated":true}]}}